{"id":105,"date":"2024-09-14T18:35:49","date_gmt":"2024-09-14T16:35:49","guid":{"rendered":"https:\/\/medicotnd.fr\/?page_id=105"},"modified":"2024-09-21T18:03:13","modified_gmt":"2024-09-21T16:03:13","slug":"troubles-du-spectre-de-lautisme-tsa","status":"publish","type":"page","link":"https:\/\/medicotnd.fr\/index.php\/troubles-du-spectre-de-lautisme-tsa\/","title":{"rendered":"D\u00e9pistage des troubles du Spectre de l&#8217;Autisme &#8211; TSA"},"content":{"rendered":"\n<h2 class=\"wp-block-heading\"><mark style=\"background-color:rgba(0, 0, 0, 0)\" class=\"has-inline-color has-accent-color\">M-CHAT<\/mark><\/h2>\n\n\n\n<p><strong>Pour qui :<\/strong> Enfants de 16 \u00e0 30 mois<\/p>\n\n\n\n<p><strong>Type :<\/strong> Auto-questionnaire \u00e0 compl\u00e9ter par les parents<\/p>\n\n\n\n<p><strong>Conduite \u00e0 tenir :<\/strong> <\/p>\n\n\n\n<p>La grille d&#8217;interpr\u00e9tation du questionnaire est indiqu\u00e9e en page 2. Cette grille ne doit pas \u00eatre remise aux parents.<\/p>\n\n\n\n<p>Un test positif ne signifie pas diagnostic d&#8217;autisme. L&#8217;enfant devra \u00eatre <a href=\"https:\/\/medicotnd.fr\/index.php\/parcours-de-soins-tsa\/\">orient\u00e9 vers la PCO ou vers une \u00e9quipe de 2\u00e8me ligne<\/a> form\u00e9e au diagnostic d&#8217;autisme. Parall\u00e8lement, un bilan orl et un bilan visuel seront demand\u00e9s d&#8217;embl\u00e9e.<\/p>\n\n\n\n<p>Un test n\u00e9gatif n&#8217;exclue pas le diagnostic d&#8217;autisme. Si un doute persiste, une consultation de suivi devra \u00eatre propos\u00e9e rapidement.<\/p>\n\n\n\n<div class=\"wp-block-buttons is-layout-flex wp-block-buttons-is-layout-flex\">\n<div class=\"wp-block-button\"><a class=\"wp-block-button__link has-header-gradient-background-color has-background wp-element-button\" href=\"https:\/\/www.mchatscreen.com\/wp-content\/uploads\/2015\/05\/M-CHAT_French_v2.pdf\">Acc\u00e9der au M-CHAT<\/a><\/div>\n<\/div>\n\n\n\n<p><\/p>\n","protected":false},"excerpt":{"rendered":"<p>M-CHAT Pour qui : Enfants de 16 \u00e0 30 mois Type : Auto-questionnaire \u00e0 compl\u00e9ter par les parents Conduite \u00e0 tenir : La grille d&#8217;interpr\u00e9tation du questionnaire est indiqu\u00e9e en page 2. Cette grille ne doit pas \u00eatre remise aux parents. Un test positif ne signifie pas diagnostic d&#8217;autisme. L&#8217;enfant [&hellip;]<\/p>\n","protected":false},"author":1,"featured_media":0,"parent":0,"menu_order":0,"comment_status":"closed","ping_status":"closed","template":"","meta":{"footnotes":""},"class_list":["post-105","page","type-page","status-publish","hentry"],"_links":{"self":[{"href":"https:\/\/medicotnd.fr\/index.php\/wp-json\/wp\/v2\/pages\/105","targetHints":{"allow":["GET"]}}],"collection":[{"href":"https:\/\/medicotnd.fr\/index.php\/wp-json\/wp\/v2\/pages"}],"about":[{"href":"https:\/\/medicotnd.fr\/index.php\/wp-json\/wp\/v2\/types\/page"}],"author":[{"embeddable":true,"href":"https:\/\/medicotnd.fr\/index.php\/wp-json\/wp\/v2\/users\/1"}],"replies":[{"embeddable":true,"href":"https:\/\/medicotnd.fr\/index.php\/wp-json\/wp\/v2\/comments?post=105"}],"version-history":[{"count":5,"href":"https:\/\/medicotnd.fr\/index.php\/wp-json\/wp\/v2\/pages\/105\/revisions"}],"predecessor-version":[{"id":241,"href":"https:\/\/medicotnd.fr\/index.php\/wp-json\/wp\/v2\/pages\/105\/revisions\/241"}],"wp:attachment":[{"href":"https:\/\/medicotnd.fr\/index.php\/wp-json\/wp\/v2\/media?parent=105"}],"curies":[{"name":"wp","href":"https:\/\/api.w.org\/{rel}","templated":true}]}}