{"id":21,"date":"2024-09-12T21:41:24","date_gmt":"2024-09-12T19:41:24","guid":{"rendered":"https:\/\/medicotnd.fr\/?page_id=21"},"modified":"2024-09-21T18:01:05","modified_gmt":"2024-09-21T16:01:05","slug":"medicotnd","status":"publish","type":"page","link":"https:\/\/medicotnd.fr\/","title":{"rendered":"Accueil"},"content":{"rendered":"\n<p>Ce site est \u00e0 destination des m\u00e9decins, en particulier g\u00e9n\u00e9ralistes et p\u00e9diatres.<\/p>\n\n\n\n<p>Son objectif est de les aider \u00e0 rep\u00e9rer, orienter et prendre en charge les enfants porteurs de troubles neurod\u00e9veloppementaux.<\/p>\n\n\n\n<p>Cr\u00e9\u00e9 par des m\u00e9decins passionn\u00e9s, il recense des outils gratuits et libres de droits pour vous aider dans votre pratique quotidienne.<\/p>\n\n\n\n<p>La prise en charge pr\u00e9coce des troubles neurod\u00e9veloppementaux est un enjeu majeur. Elle permet d&#8217;infl\u00e9chir la trajectoire d\u00e9veloppementale et de donner aux enfants les moyens de s&#8217;\u00e9panouir au mieux dans notre soci\u00e9t\u00e9.<\/p>\n\n\n\n<p>Cette initiative s&#8217;inscrit dans le cadre de la Strat\u00e9gie Nationale 2023-2027 pour les Troubles du Neurod\u00e9veloppement. <\/p>\n\n\n\n<div style=\"height:100px\" aria-hidden=\"true\" class=\"wp-block-spacer\"><\/div>\n\n\n\n<div class=\"wp-block-buttons is-content-justification-center is-layout-flex wp-container-core-buttons-is-layout-16018d1d wp-block-buttons-is-layout-flex\">\n<div class=\"wp-block-button\"><a class=\"wp-block-button__link has-accent-background-color has-background wp-element-button\" href=\"https:\/\/medicotnd.fr\/index.php\/depister\/\">D\u00e9pister<\/a><\/div>\n\n\n\n<div class=\"wp-block-button\"><a class=\"wp-block-button__link has-accent-background-color has-background wp-element-button\" href=\"https:\/\/medicotnd.fr\/index.php\/orienter\/\">Orienter<\/a><\/div>\n\n\n\n<div class=\"wp-block-button\"><a class=\"wp-block-button__link has-accent-background-color has-background wp-element-button\" href=\"https:\/\/medicotnd.fr\/index.php\/conseiller\/\">Conseiller<\/a><\/div>\n\n\n\n<div class=\"wp-block-button\"><a class=\"wp-block-button__link has-accent-background-color has-background wp-element-button\" href=\"https:\/\/medicotnd.fr\/index.php\/se-former\/\">Se former<\/a><\/div>\n<\/div>\n\n\n\n<p><\/p>\n","protected":false},"excerpt":{"rendered":"<p>Ce site est \u00e0 destination des m\u00e9decins, en particulier g\u00e9n\u00e9ralistes et p\u00e9diatres. Son objectif est de les aider \u00e0 rep\u00e9rer, orienter et prendre en charge les enfants porteurs de troubles neurod\u00e9veloppementaux. Cr\u00e9\u00e9 par des m\u00e9decins passionn\u00e9s, il recense des outils gratuits et libres de droits pour vous aider dans votre [&hellip;]<\/p>\n","protected":false},"author":1,"featured_media":0,"parent":0,"menu_order":0,"comment_status":"closed","ping_status":"closed","template":"","meta":{"footnotes":""},"class_list":["post-21","page","type-page","status-publish","hentry"],"_links":{"self":[{"href":"https:\/\/medicotnd.fr\/index.php\/wp-json\/wp\/v2\/pages\/21","targetHints":{"allow":["GET"]}}],"collection":[{"href":"https:\/\/medicotnd.fr\/index.php\/wp-json\/wp\/v2\/pages"}],"about":[{"href":"https:\/\/medicotnd.fr\/index.php\/wp-json\/wp\/v2\/types\/page"}],"author":[{"embeddable":true,"href":"https:\/\/medicotnd.fr\/index.php\/wp-json\/wp\/v2\/users\/1"}],"replies":[{"embeddable":true,"href":"https:\/\/medicotnd.fr\/index.php\/wp-json\/wp\/v2\/comments?post=21"}],"version-history":[{"count":15,"href":"https:\/\/medicotnd.fr\/index.php\/wp-json\/wp\/v2\/pages\/21\/revisions"}],"predecessor-version":[{"id":239,"href":"https:\/\/medicotnd.fr\/index.php\/wp-json\/wp\/v2\/pages\/21\/revisions\/239"}],"wp:attachment":[{"href":"https:\/\/medicotnd.fr\/index.php\/wp-json\/wp\/v2\/media?parent=21"}],"curies":[{"name":"wp","href":"https:\/\/api.w.org\/{rel}","templated":true}]}}