{"id":26,"date":"2024-09-12T22:04:27","date_gmt":"2024-09-12T20:04:27","guid":{"rendered":"https:\/\/medicotnd.fr\/?page_id=26"},"modified":"2024-09-21T19:57:05","modified_gmt":"2024-09-21T17:57:05","slug":"depister","status":"publish","type":"page","link":"https:\/\/medicotnd.fr\/index.php\/depister\/","title":{"rendered":"D\u00e9pister"},"content":{"rendered":"\n<h3 class=\"wp-block-heading\">Rep\u00e9rer un \u00e9cart au d\u00e9veloppement<\/h3>\n\n\n\n<p>Une anamn\u00e8se approfondie et un examen clinique complet restent les \u00e9l\u00e9ments essentiel du suivi de l&#8217;enfant.<\/p>\n\n\n\n<p>Pour un rappel sur les \u00e2ges de d\u00e9veloppement normal, vous pouvez visiter le site <a href=\"https:\/\/pediadoc.fr\"><strong>Pediadoc<\/strong><\/a> par exemple.<\/p>\n\n\n\n<p>Les pages du <a href=\"https:\/\/sante.gouv.fr\/IMG\/pdf\/carnet_de_sante-num-.pdf\"><strong>carnet de sant\u00e9<\/strong><\/a> concernant les examens de suivi sont \u00e9galement de bons rep\u00e8res.<\/p>\n\n\n\n<p>Le site <a href=\"https:\/\/tndtest.com\"><strong>tndtest<\/strong><\/a>, quant \u00e0 lui, est d&#8217;utilisation tr\u00e8s simple et reprend les items du guide de rep\u00e9rage des signes inhabituels de d\u00e9veloppement qui sert \u00e9galement de formulaire d&#8217;adressage aux PCO.<\/p>\n\n\n\n<h3 class=\"wp-block-heading\">Tests de d\u00e9pistage<\/h3>\n\n\n\n<p>Les tests de d\u00e9pistage n&#8217;ont pas vocation \u00e0 \u00eatre r\u00e9alis\u00e9s syst\u00e9matiquement chez tous les enfants.<\/p>\n\n\n\n<p>Ils peuvent \u00eatre une aide \u00e0 la d\u00e9cision en cas d&#8217;\u00e9cart \u00e0 la norme observ\u00e9 dans le d\u00e9veloppement de l&#8217;enfant, en cas d&#8217;inqui\u00e9tude parentale ou chez les enfants \u00e0 haut risque de TND.<\/p>\n\n\n\n<p>Ces tests ne permettent en aucun cas de confirmer ou infirmer un diagnostic de trouble, mais simplement de le suspecter et d&#8217;orienter vers le professionnel de sant\u00e9 \u00e0 m\u00eame de r\u00e9aliser un bilan plus approfondi (selon les cas, orthophoniste, psychom\u00e9tricien, etc).<\/p>\n\n\n\n<p>Si le r\u00e9sultat au test est dans la norme ou douteux, l&#8217;enfant devra \u00eatre revu en consultation dans les mois qui suivent afin d&#8217;observer son \u00e9volution.<\/p>\n\n\n\n<p>Si le r\u00e9sultat est pathologique, il devra \u00eatre orient\u00e9 selon la situation. <\/p>\n\n\n\n<p><\/p>\n\n\n\n<div class=\"wp-block-group is-vertical is-content-justification-center is-nowrap is-layout-flex wp-container-core-group-is-layout-73832be3 wp-block-group-is-layout-flex\">\n<div class=\"wp-block-columns is-layout-flex wp-container-core-columns-is-layout-9d6595d7 wp-block-columns-is-layout-flex\">\n<div class=\"wp-block-column is-layout-flow wp-block-column-is-layout-flow\" style=\"flex-basis:100%\">\n<div class=\"wp-block-group is-vertical is-layout-flex wp-container-core-group-is-layout-8cf370e7 wp-block-group-is-layout-flex\">\n<div class=\"wp-block-buttons alignwide is-content-justification-left is-layout-flex wp-container-core-buttons-is-layout-fdcfc74e wp-block-buttons-is-layout-flex\">\n<div class=\"wp-block-button\"><a class=\"wp-block-button__link has-accent-background-color has-background wp-element-button\" href=\"https:\/\/medicotnd.fr\/index.php\/langage-oral\/\">Langage oral<\/a><\/div>\n\n\n\n<div class=\"wp-block-button\"><a class=\"wp-block-button__link has-accent-background-color has-background wp-element-button\" href=\"https:\/\/medicotnd.fr\/index.php\/langage-ecrit\/\">Langage \u00e9crit<\/a><\/div>\n\n\n\n<div class=\"wp-block-button\"><a class=\"wp-block-button__link has-accent-background-color has-background wp-element-button\" href=\"https:\/\/medicotnd.fr\/index.php\/motricite\/\">Motricit\u00e9<\/a><\/div>\n\n\n\n<div class=\"wp-block-button\"><a class=\"wp-block-button__link has-accent-background-color has-background wp-element-button\" href=\"https:\/\/medicotnd.fr\/index.php\/trouble-deficit-de-lattention-avec-ou-sans-hyperactivite-tdah\/\">TDAH<\/a><\/div>\n\n\n\n<div class=\"wp-block-button\"><a class=\"wp-block-button__link has-accent-background-color has-background has-text-align-center wp-element-button\" href=\"https:\/\/medicotnd.fr\/index.php\/troubles-du-spectre-de-lautisme-tsa\/\">Autismes<\/a><\/div>\n\n\n\n<div class=\"wp-block-button\"><a class=\"wp-block-button__link has-accent-background-color has-background has-text-align-center wp-element-button\" href=\"https:\/\/medicotnd.fr\/index.php\/tests-de-depistage-global\/\">D\u00e9pistage global<\/a><\/div>\n<\/div>\n<\/div>\n<\/div>\n<\/div>\n<\/div>\n\n\n\n<p><\/p>\n","protected":false},"excerpt":{"rendered":"<p>Rep\u00e9rer un \u00e9cart au d\u00e9veloppement Une anamn\u00e8se approfondie et un examen clinique complet restent les \u00e9l\u00e9ments essentiel du suivi de l&#8217;enfant. Pour un rappel sur les \u00e2ges de d\u00e9veloppement normal, vous pouvez visiter le site Pediadoc par exemple. Les pages du carnet de sant\u00e9 concernant les examens de suivi sont [&hellip;]<\/p>\n","protected":false},"author":1,"featured_media":0,"parent":0,"menu_order":0,"comment_status":"closed","ping_status":"closed","template":"","meta":{"footnotes":""},"class_list":["post-26","page","type-page","status-publish","hentry"],"_links":{"self":[{"href":"https:\/\/medicotnd.fr\/index.php\/wp-json\/wp\/v2\/pages\/26","targetHints":{"allow":["GET"]}}],"collection":[{"href":"https:\/\/medicotnd.fr\/index.php\/wp-json\/wp\/v2\/pages"}],"about":[{"href":"https:\/\/medicotnd.fr\/index.php\/wp-json\/wp\/v2\/types\/page"}],"author":[{"embeddable":true,"href":"https:\/\/medicotnd.fr\/index.php\/wp-json\/wp\/v2\/users\/1"}],"replies":[{"embeddable":true,"href":"https:\/\/medicotnd.fr\/index.php\/wp-json\/wp\/v2\/comments?post=26"}],"version-history":[{"count":27,"href":"https:\/\/medicotnd.fr\/index.php\/wp-json\/wp\/v2\/pages\/26\/revisions"}],"predecessor-version":[{"id":253,"href":"https:\/\/medicotnd.fr\/index.php\/wp-json\/wp\/v2\/pages\/26\/revisions\/253"}],"wp:attachment":[{"href":"https:\/\/medicotnd.fr\/index.php\/wp-json\/wp\/v2\/media?parent=26"}],"curies":[{"name":"wp","href":"https:\/\/api.w.org\/{rel}","templated":true}]}}