{"id":28,"date":"2024-09-12T22:06:06","date_gmt":"2024-09-12T20:06:06","guid":{"rendered":"https:\/\/medicotnd.fr\/?page_id=28"},"modified":"2024-09-21T17:48:34","modified_gmt":"2024-09-21T15:48:34","slug":"conseiller","status":"publish","type":"page","link":"https:\/\/medicotnd.fr\/index.php\/conseiller\/","title":{"rendered":"Conseiller"},"content":{"rendered":"\n<p>Quand un trouble neurod\u00e9veloppemental est diagnostiqu\u00e9, ou m\u00eame simplement suspect\u00e9, la prise en charge s&#8217;appuie non seulement sur les interventions et r\u00e9\u00e9ducations sp\u00e9cifiques, mais aussi sur l&#8217;accompagnement de l&#8217;enfant \u00e0 l&#8217;\u00e9cole, \u00e0 la maison, et plus g\u00e9n\u00e9ralement dans tous ses lieux de vie.<\/p>\n\n\n\n<p>De nombreux outils existent pour soutenir et conseiller parents et enseignants dans l&#8217;accompagnement de l&#8217;enfant. <\/p>\n\n\n\n<hr class=\"wp-block-separator has-alpha-channel-opacity\"\/>\n\n\n\n<div class=\"wp-block-buttons is-layout-flex wp-block-buttons-is-layout-flex\">\n<div class=\"wp-block-button has-custom-width wp-block-button__width-50\"><a class=\"wp-block-button__link has-accent-background-color has-background wp-element-button\" href=\"https:\/\/medicotnd.fr\/index.php\/amenagements-scolaires\/\">Am\u00e9nagements scolaires<\/a><\/div>\n\n\n\n<div class=\"wp-block-button has-custom-width wp-block-button__width-50\"><a class=\"wp-block-button__link has-accent-background-color has-background wp-element-button\" href=\"https:\/\/medicotnd.fr\/index.php\/guidance-parentale\/\">Guidance parentale<\/a><\/div>\n\n\n\n<div class=\"wp-block-button has-custom-width wp-block-button__width-50\"><a class=\"wp-block-button__link has-accent-background-color has-background wp-element-button\" href=\"https:\/\/medicotnd.fr\/index.php\/ressources-parents\/\">Ressources parents<\/a><\/div>\n\n\n\n<div class=\"wp-block-button has-custom-width wp-block-button__width-50\"><a class=\"wp-block-button__link has-accent-background-color has-background wp-element-button\" href=\"https:\/\/medicotnd.fr\/index.php\/fiches-patients\/\">Fiches patients<\/a><\/div>\n<\/div>\n\n\n\n<p><\/p>\n","protected":false},"excerpt":{"rendered":"<p>Quand un trouble neurod\u00e9veloppemental est diagnostiqu\u00e9, ou m\u00eame simplement suspect\u00e9, la prise en charge s&#8217;appuie non seulement sur les interventions et r\u00e9\u00e9ducations sp\u00e9cifiques, mais aussi sur l&#8217;accompagnement de l&#8217;enfant \u00e0 l&#8217;\u00e9cole, \u00e0 la maison, et plus g\u00e9n\u00e9ralement dans tous ses lieux de vie. De nombreux outils existent pour soutenir et [&hellip;]<\/p>\n","protected":false},"author":1,"featured_media":0,"parent":0,"menu_order":0,"comment_status":"closed","ping_status":"closed","template":"","meta":{"footnotes":""},"class_list":["post-28","page","type-page","status-publish","hentry"],"_links":{"self":[{"href":"https:\/\/medicotnd.fr\/index.php\/wp-json\/wp\/v2\/pages\/28","targetHints":{"allow":["GET"]}}],"collection":[{"href":"https:\/\/medicotnd.fr\/index.php\/wp-json\/wp\/v2\/pages"}],"about":[{"href":"https:\/\/medicotnd.fr\/index.php\/wp-json\/wp\/v2\/types\/page"}],"author":[{"embeddable":true,"href":"https:\/\/medicotnd.fr\/index.php\/wp-json\/wp\/v2\/users\/1"}],"replies":[{"embeddable":true,"href":"https:\/\/medicotnd.fr\/index.php\/wp-json\/wp\/v2\/comments?post=28"}],"version-history":[{"count":10,"href":"https:\/\/medicotnd.fr\/index.php\/wp-json\/wp\/v2\/pages\/28\/revisions"}],"predecessor-version":[{"id":230,"href":"https:\/\/medicotnd.fr\/index.php\/wp-json\/wp\/v2\/pages\/28\/revisions\/230"}],"wp:attachment":[{"href":"https:\/\/medicotnd.fr\/index.php\/wp-json\/wp\/v2\/media?parent=28"}],"curies":[{"name":"wp","href":"https:\/\/api.w.org\/{rel}","templated":true}]}}