{"id":56,"date":"2024-09-14T17:05:16","date_gmt":"2024-09-14T15:05:16","guid":{"rendered":"https:\/\/medicotnd.fr\/?page_id=56"},"modified":"2024-09-14T17:22:21","modified_gmt":"2024-09-14T15:22:21","slug":"mentions-legales","status":"publish","type":"page","link":"https:\/\/medicotnd.fr\/index.php\/mentions-legales\/","title":{"rendered":"Mentions l\u00e9gales"},"content":{"rendered":"\n<p><\/p>\n\n\n\n<p>Responsable de la publication&nbsp;\u2013 direction g\u00e9n\u00e9rale :<\/p>\n\n\n\n<p>\u00a0Dr Marine Kwan<\/p>\n\n\n\n<p>Responsables de la conception technique, ergonomique, artistique et de l\u2019administration g\u00e9n\u00e9rale du site :&nbsp;<\/p>\n\n\n\n<p>Dr Marine Kwan<\/p>\n\n\n\n<p>Responsables de la&nbsp;gestion du contenu scientifique et m\u00e9dical :&nbsp;<\/p>\n\n\n\n<p>Dr Marine Kwan<\/p>\n\n\n\n<p>Webdesigner :\u00a0<br>Marine Kwan<\/p>\n\n\n\n<p>Cr\u00e9dits photographiques et illustrations :\u00a0Marine Kwan<\/p>\n\n\n\n<p>Droit de Propri\u00e9t\u00e9 intellectuelle \u2013 Droits d\u2019auteurs :<\/p>\n\n\n\n<p>L\u2019ensemble du contenu (textes, photos, vid\u00e9os, sons, dessins et graphiques) de ce site rel\u00e8ve la l\u00e9gislation fran\u00e7aise et internationale sur le droit d\u2019auteurs et le droit des marques. Il est soumis aux dispositions de la l\u00e9gislation fran\u00e7aise et internationale de la propri\u00e9t\u00e9 intellectuelle. La totalit\u00e9 du contenu est la propri\u00e9t\u00e9 exclusive de Marine Kwan.\u00a0 Toute reproduction, y compris des documents t\u00e9l\u00e9chargeables, des photographies et iconographies, toute extraction ou utilisation autre qu\u2019\u00e0 des fins priv\u00e9es de tout ou partie du contenu du site est soumis \u00e0 une autorisation pr\u00e9alable, \u00e9crite et expresse de Marine Kwan, sous peine de poursuites.\u00a0La reproduction des textes de ce site sur support papier est autoris\u00e9e pour un usage priv\u00e9, \u00e0 condition de mentionner de fa\u00e7on claire et pr\u00e9cise la source\u00a0(medicotnd.fr) .<\/p>\n\n\n\n<p>Informatique et libert\u00e9s :<\/p>\n\n\n\n<p>Conform\u00e9ment \u00e0 la loi fran\u00e7aise N\u00b7 78-17 du 6 janvier 1978 relative \u00e0 l&#8217;informatique, aux fichiers et aux libert\u00e9s (CNIL), modifi\u00e9e par la loi du 6 aout 2004, tout utilisateur ayant d\u00e9pos\u00e9 sur ce site des informations directement ou indirectement nominatives, peut demander la communication des informations le concernant en s&#8217;adressant \u00e0 Marine Kwan.<\/p>\n\n\n\n<p>Protection des donn\u00e9es utilisateurs&nbsp;:&nbsp;<\/p>\n\n\n\n<p>MedicoTND ne collecte pas de donn\u00e9es nominatives sur les visiteurs du site, n\u2019utilise pas de donn\u00e9es de navigation (\u00ab\u00a0cookies\u00a0\u00bb) , ne collecte pas les adresses mails.<\/p>\n\n\n\n<p>Contenu :<\/p>\n\n\n\n<p>Marine Kwan\u00a0 et les responsables de la publication et de l\u2019administration se r\u00e9servent le droit de modifier ou de corriger, \u00e0 tout moment et ce sans pr\u00e9avis, le contenu du site et ne peuvent \u00eatre tenus pour responsables des cons\u00e9quences \u00e9ventuelles de ces modifications ou des \u00e9ventuelles interruptions de fonctionnement rendant le site inaccessible. MedicoTND est un site d\u2019aide \u00e0 la consultation \u00e0 destination des m\u00e9decins g\u00e9n\u00e9ralistes et p\u00e9diatres\u00a0\u2013 Les informations contenues dans le site ne sauraient en aucun cas se substituer \u00e0 l\u2019avis du m\u00e9decin qui examine l\u2019enfant.\u00a0 Ces informations constituent un support utile lors de la consultation, elles sont en accord avec les recommandations actuelles des principales institutions et soci\u00e9t\u00e9s savantes. Leur utilisation par un praticien n\u2019exon\u00e8re en aucun cas ce dernier de sa responsabilit\u00e9 professionnelle individuelle, ne doit en aucun cas retarder la r\u00e9alisation d&#8217;examens compl\u00e9mentaires adapt\u00e9s, ni la sollicitation d&#8217;un confr\u00e8re d&#8217;une autre sp\u00e9cialit\u00e9 si n\u00e9cessaire.\u00a0<\/p>\n\n\n\n<p>Liens :<\/p>\n\n\n\n<p>L\u2019utilisation de medicoTND peut permettre l\u2019utilisation de liens hypertextes. MedicoTND n\u2019assume aucune responsabilit\u00e9 concernant les contenus et services de ces liens sur lesquels le concepteur du site n&#8217;a aucun contr\u00f4le.<\/p>\n\n\n\n<p><strong>H\u00e9bergement&nbsp;:&nbsp;<\/strong>ce site est h\u00e9berg\u00e9 par&nbsp;<a href=\"http:\/\/www.ovh.fr\/\">OVH<\/a><\/p>\n\n\n\n<p>Tous droits r\u00e9serv\u00e9s \u00a9 2024 medicoTND<\/p>\n","protected":false},"excerpt":{"rendered":"<p>Responsable de la publication&nbsp;\u2013 direction g\u00e9n\u00e9rale : \u00a0Dr Marine Kwan Responsables de la conception technique, ergonomique, artistique et de l\u2019administration g\u00e9n\u00e9rale du site :&nbsp; Dr Marine Kwan Responsables de la&nbsp;gestion du contenu scientifique et m\u00e9dical :&nbsp; Dr Marine Kwan Webdesigner :\u00a0Marine Kwan Cr\u00e9dits photographiques et illustrations :\u00a0Marine Kwan Droit de [&hellip;]<\/p>\n","protected":false},"author":1,"featured_media":0,"parent":0,"menu_order":0,"comment_status":"closed","ping_status":"closed","template":"","meta":{"footnotes":""},"class_list":["post-56","page","type-page","status-publish","hentry"],"_links":{"self":[{"href":"https:\/\/medicotnd.fr\/index.php\/wp-json\/wp\/v2\/pages\/56","targetHints":{"allow":["GET"]}}],"collection":[{"href":"https:\/\/medicotnd.fr\/index.php\/wp-json\/wp\/v2\/pages"}],"about":[{"href":"https:\/\/medicotnd.fr\/index.php\/wp-json\/wp\/v2\/types\/page"}],"author":[{"embeddable":true,"href":"https:\/\/medicotnd.fr\/index.php\/wp-json\/wp\/v2\/users\/1"}],"replies":[{"embeddable":true,"href":"https:\/\/medicotnd.fr\/index.php\/wp-json\/wp\/v2\/comments?post=56"}],"version-history":[{"count":3,"href":"https:\/\/medicotnd.fr\/index.php\/wp-json\/wp\/v2\/pages\/56\/revisions"}],"predecessor-version":[{"id":65,"href":"https:\/\/medicotnd.fr\/index.php\/wp-json\/wp\/v2\/pages\/56\/revisions\/65"}],"wp:attachment":[{"href":"https:\/\/medicotnd.fr\/index.php\/wp-json\/wp\/v2\/media?parent=56"}],"curies":[{"name":"wp","href":"https:\/\/api.w.org\/{rel}","templated":true}]}}