{"id":99,"date":"2024-09-14T18:32:38","date_gmt":"2024-09-14T16:32:38","guid":{"rendered":"https:\/\/medicotnd.fr\/?page_id=99"},"modified":"2024-09-21T19:51:15","modified_gmt":"2024-09-21T17:51:15","slug":"motricite","status":"publish","type":"page","link":"https:\/\/medicotnd.fr\/index.php\/motricite\/","title":{"rendered":"D\u00e9pistage d&#8217;un Trouble D\u00e9veloppemental de la Coordination &#8211; TDC"},"content":{"rendered":"\n<p>Ce terme remplace dans le DSM-5 l&#8217;ancien terme de dyspraxie.<\/p>\n\n\n\n<p>Les points d&#8217;appel sont nombreux, peu sp\u00e9cifiques et inconstants :<\/p>\n\n\n\n<ul class=\"wp-block-list\">\n<li>Enfant maladroit, turbulent, qui bouscule ou fait mal aux autres<\/li>\n\n\n\n<li>N&#8217;aime pas dessiner ou dessins peu \u00e9labor\u00e9s, difficult\u00e9s dans l&#8217;\u00e9criture et le graphisme<\/li>\n\n\n\n<li>Difficult\u00e9s dans l&#8217;habillage, pour boutonner, faire ses lacets&#8230;<\/li>\n\n\n\n<li>Difficult\u00e9s dans le maniement des couverts, des ciseaux&#8230;<\/li>\n\n\n\n<li>Peu d&#8217;investissement dans le sport et les jeux de ballon<\/li>\n<\/ul>\n\n\n\n<h2 class=\"wp-block-heading\">DCDQ-FE<\/h2>\n\n\n\n<p><strong>Pour qui :<\/strong> Enfants de 5 \u00e0 15 ans<\/p>\n\n\n\n<p><strong>Pour quoi :<\/strong> Ce questionnaire permet de d\u00e9tecter des difficult\u00e9s dans la motricit\u00e9 fine et l&#8217;\u00e9criture, dans la coordination, dans le contr\u00f4le du mouvement.<\/p>\n\n\n\n<p><strong>Type :<\/strong> Autoquestionnaire \u00e0 compl\u00e9ter par les parents<\/p>\n\n\n\n<p><strong>Conduite \u00e0 tenir :<\/strong><\/p>\n\n\n\n<ul class=\"wp-block-list\">\n<li><em>De 15 \u00e0 56 points :<\/em> l&#8217;enfant est \u00e0 risque de TDC, et doit \u00eatre orient\u00e9 vers un psychomotricien. De plus, l&#8217;anamn\u00e8se et l&#8217;examen clinique doivent \u00eatre compl\u00e9t\u00e9s afin de rechercher un diagnostic diff\u00e9rentiel (notamment trouble visuel ou neurologique).<\/li>\n\n\n\n<li><em>De 57 \u00e0 75 points :<\/em> il n&#8217;y a probablement pas de TDC. Cependant, en cas de doute persistant, une consultation de suivi devra \u00eatre propos\u00e9e rapidement.<\/li>\n<\/ul>\n\n\n\n<div class=\"wp-block-buttons is-layout-flex wp-block-buttons-is-layout-flex\">\n<div class=\"wp-block-button\"><a class=\"wp-block-button__link has-header-gradient-background-color has-background wp-element-button\" href=\"https:\/\/afpa.org\/content\/uploads\/2021\/02\/Questionnaire_Parents_DCDQ-FE.pdf\">Acc\u00e9der au DCDQ-FE<\/a><\/div>\n<\/div>\n","protected":false},"excerpt":{"rendered":"<p>Ce terme remplace dans le DSM-5 l&#8217;ancien terme de dyspraxie. Les points d&#8217;appel sont nombreux, peu sp\u00e9cifiques et inconstants : DCDQ-FE Pour qui : Enfants de 5 \u00e0 15 ans Pour quoi : Ce questionnaire permet de d\u00e9tecter des difficult\u00e9s dans la motricit\u00e9 fine et l&#8217;\u00e9criture, dans la coordination, dans [&hellip;]<\/p>\n","protected":false},"author":1,"featured_media":0,"parent":0,"menu_order":0,"comment_status":"closed","ping_status":"closed","template":"","meta":{"footnotes":""},"class_list":["post-99","page","type-page","status-publish","hentry"],"_links":{"self":[{"href":"https:\/\/medicotnd.fr\/index.php\/wp-json\/wp\/v2\/pages\/99","targetHints":{"allow":["GET"]}}],"collection":[{"href":"https:\/\/medicotnd.fr\/index.php\/wp-json\/wp\/v2\/pages"}],"about":[{"href":"https:\/\/medicotnd.fr\/index.php\/wp-json\/wp\/v2\/types\/page"}],"author":[{"embeddable":true,"href":"https:\/\/medicotnd.fr\/index.php\/wp-json\/wp\/v2\/users\/1"}],"replies":[{"embeddable":true,"href":"https:\/\/medicotnd.fr\/index.php\/wp-json\/wp\/v2\/comments?post=99"}],"version-history":[{"count":7,"href":"https:\/\/medicotnd.fr\/index.php\/wp-json\/wp\/v2\/pages\/99\/revisions"}],"predecessor-version":[{"id":252,"href":"https:\/\/medicotnd.fr\/index.php\/wp-json\/wp\/v2\/pages\/99\/revisions\/252"}],"wp:attachment":[{"href":"https:\/\/medicotnd.fr\/index.php\/wp-json\/wp\/v2\/media?parent=99"}],"curies":[{"name":"wp","href":"https:\/\/api.w.org\/{rel}","templated":true}]}}